{"id":24,"date":"2016-07-20T14:07:16","date_gmt":"2016-07-20T12:07:16","guid":{"rendered":"http:\/\/hensel-logistik.de\/wp\/?page_id=24"},"modified":"2024-08-23T14:13:04","modified_gmt":"2024-08-23T12:13:04","slug":"kontakt","status":"publish","type":"page","link":"https:\/\/hensel-logistik.de\/wp\/kontakt\/","title":{"rendered":"Kontakt"},"content":{"rendered":"<section class=\"l-section wpb_row height_auto\"><div class=\"l-section-h i-cf\"><div class=\"g-cols vc_row via_flex valign_top type_default stacking_default\"><div class=\"vc_col-sm-12 wpb_column vc_column_container\"><div class=\"vc_column-inner us_custom_10972fe2\"><div class=\"wpb_wrapper\">\n\t\t\t<!-- START Kontakt REVOLUTION SLIDER 6.7.30 --><p class=\"rs-p-wp-fix\"><\/p>\n\t\t\t<rs-module-wrap id=\"rev_slider_27_1_wrapper\" data-source=\"gallery\" style=\"visibility:hidden;background:transparent;padding:0;margin:0px auto;margin-top:0;margin-bottom:0;\">\n\t\t\t\t<rs-module id=\"rev_slider_27_1\" style=\"\" data-version=\"6.7.30\">\n\t\t\t\t\t<rs-slides style=\"overflow: hidden; position: absolute;\">\n\t\t\t\t\t\t<rs-slide style=\"position: absolute;\" data-key=\"rs-47\" data-title=\"Slide\" data-anim=\"ms:10;\" data-in=\"o:1;\" data-out=\"a:false;\">\n\t\t\t\t\t\t\t<img decoding=\"async\" src=\"\/\/hensel-logistik.de\/wp\/wp-content\/plugins\/revslider\/sr6\/assets\/assets\/dummy.png\" alt=\"\" title=\"lkw_kontakt\" width=\"1920\" height=\"1080\" class=\"rev-slidebg tp-rs-img rs-lazyload\" data-lazyload=\"\/\/hensel-logistik.de\/wp\/wp-content\/uploads\/2024\/08\/lkw_kontakt.jpg\" data-panzoom=\"d:10000;ss:100;se:120%;oe:-500px\/0px;\" data-no-retina>\n<!---->\t\t\t\t\t<\/rs-slide>\n\t\t\t\t\t<\/rs-slides>\n\t\t\t\t<\/rs-module>\n\t\t\t\t<script>\n\t\t\t\t\tsetREVStartSize({c: 'rev_slider_27_1',rl:[1240,1240,1240,480],el:[868,868,868,270],gw:[1640,1640,1640,480],gh:[868,868,868,270],type:'hero',justify:'',layout:'fullwidth',mh:\"0\"});if (window.RS_MODULES!==undefined && window.RS_MODULES.modules!==undefined && window.RS_MODULES.modules[\"revslider271\"]!==undefined) {window.RS_MODULES.modules[\"revslider271\"].once = false;window.revapi27 = undefined;if (window.RS_MODULES.checkMinimal!==undefined) window.RS_MODULES.checkMinimal()}\n\t\t\t\t<\/script>\n\t\t\t<\/rs-module-wrap>\n\t\t\t<!-- END REVOLUTION SLIDER -->\n<\/div><\/div><\/div><\/div><\/div><\/section><section class=\"l-section wpb_row us_custom_3df572e6 height_medium\"><div class=\"l-section-h i-cf\"><div class=\"g-cols vc_row via_flex valign_top type_default stacking_default\"><div class=\"vc_col-sm-8 vc_col-md-8 wpb_column vc_column_container\"><div class=\"vc_column-inner us_custom_41327bda\"><div class=\"wpb_wrapper\"><div class=\"wpb_text_column hide_on_mobiles\"><div class=\"wpb_wrapper\"><h2>Kontakt<\/h2>\n<\/div><\/div><\/div><\/div><\/div><div class=\"vc_col-sm-4 wpb_column vc_column_container\"><div class=\"vc_column-inner\"><div class=\"wpb_wrapper\"><div class=\"wpb_text_column\"><div class=\"wpb_wrapper\"><h4 style=\"text-align: center;\">E-Mail<\/h4>\n<\/div><\/div><div class=\"w-separator size_medium\"><\/div><div class=\"w-btn-wrapper align_center\"><a class=\"w-btn us-btn-style_1 icon_atleft\" href=\"mailto:info@hensel-logistik.de\"><i class=\"fas fa-envelope\"><\/i><span class=\"w-btn-label\">info@hensel-logistik.de<\/span><\/a><\/div><\/div><\/div><\/div><\/div><\/div><\/section><section class=\"l-section wpb_row height_auto\"><div class=\"l-section-h i-cf\"><div class=\"g-cols vc_row via_flex valign_top type_default stacking_default\"><div class=\"vc_col-sm-4 wpb_column vc_column_container\"><div class=\"vc_column-inner\"><div class=\"wpb_wrapper\"><div class=\"w-actionbox us_custom_52c500a2 color_secondary controls_bottom\"><div class=\"w-actionbox-text\"><div class=\"w-actionbox-description\"><p style=\"text-align: center;\">Hensel Logistik GmbH<br \/>\nCarl-von-Ossietzky-Stra\u00dfe 10<br \/>\n55459 Grolsheim<\/p>\n<\/div><\/div><div class=\"w-actionbox-controls\"><a class=\"w-btn us-btn-style_1 icon_atleft\" href=\"https:\/\/maps.app.goo.gl\/WWJ3M8W4D6GT2hL19?g_st=ia\"><i class=\"fas fa-map\"><\/i><span class=\"w-btn-label\">Routenplaner<\/span><\/a><\/div><\/div><\/div><\/div><\/div><div class=\"vc_col-sm-4 vc_col-md-4 wpb_column vc_column_container\"><div class=\"vc_column-inner us_custom_fd9f6268\"><div class=\"wpb_wrapper\"><div class=\"w-actionbox us_custom_52c500a2 color_secondary controls_bottom\"><div class=\"w-actionbox-text\"><div class=\"w-actionbox-description\"><p style=\"text-align: center;\">Hensel Logistik GmbH<br \/>\nEmmy-Noether-Stra\u00dfe 1<br \/>\n31157 Sarstedt<\/p>\n<\/div><\/div><div class=\"w-actionbox-controls\"><a class=\"w-btn us-btn-style_1 icon_atleft\" href=\"https:\/\/maps.app.goo.gl\/VpBkdLxJbHSxhVyq9?g_st=ia\"><i class=\"fas fa-map\"><\/i><span class=\"w-btn-label\">Routenplaner<\/span><\/a><\/div><\/div><\/div><\/div><\/div><div class=\"vc_col-sm-4 wpb_column vc_column_container\"><div class=\"vc_column-inner\"><div class=\"wpb_wrapper\"><div class=\"w-actionbox us_custom_52c500a2 color_secondary controls_bottom\"><div class=\"w-actionbox-text\"><div class=\"w-actionbox-description\"><p style=\"text-align: center;\">Hensel Logistik GmbH<br \/>\nOtto-Hahn-Stra\u00dfe 14<br \/>\n40721 Hilden<\/p>\n<\/div><\/div><div class=\"w-actionbox-controls\"><a class=\"w-btn us-btn-style_1 icon_atleft\" href=\"https:\/\/maps.app.goo.gl\/beRsHY7KeGfbPF6g6\"><i class=\"fas fa-map\"><\/i><span class=\"w-btn-label\">Routenplaner<\/span><\/a><\/div><\/div><\/div><\/div><\/div><\/div><\/div><\/section><section class=\"l-section wpb_row height_medium\"><div class=\"l-section-h i-cf\"><div class=\"g-cols vc_row via_flex valign_top type_default reversed stacking_default\"><div class=\"vc_col-sm-4 wpb_column vc_column_container\"><div class=\"vc_column-inner\"><div class=\"wpb_wrapper\"><\/div><\/div><\/div><div class=\"vc_col-sm-4 vc_col-md-4 wpb_column vc_column_container\"><div class=\"vc_column-inner us_custom_fd9f6268\"><div class=\"wpb_wrapper\"><div class=\"wpb_text_column\"><div class=\"wpb_wrapper\"><p style=\"text-align: center;\"><em>* mit Verwendung des Routenplaners verlassen Sie unsere Website und stimmen zu, dass Google Maps Cookies auf Ihrem Computer speichert.<\/em><\/p>\n<\/div><\/div><\/div><\/div><\/div><div class=\"vc_col-sm-4 wpb_column vc_column_container\"><div class=\"vc_column-inner\"><div class=\"wpb_wrapper\"><\/div><\/div><\/div><\/div><\/div><\/section><section class=\"l-section wpb_row height_auto\"><div class=\"l-section-h i-cf\"><div class=\"g-cols vc_row via_flex valign_top type_default reversed stacking_default\"><div class=\"vc_col-sm-12 vc_col-md-8 wpb_column vc_column_container\"><div class=\"vc_column-inner us_custom_41327bda\"><div class=\"wpb_wrapper\"><div class=\"g-cols wpb_row us_custom_cd7d250c mobile-small-padding via_flex valign_top type_default stacking_default\"><div class=\"vc_col-sm-12 wpb_column vc_column_container\"><div class=\"vc_column-inner\"><div class=\"wpb_wrapper\"><form class=\"w-form  us-field-style_1 layout_ver for_cform us_form_1\" autocomplete=\"off\" action=\"https:\/\/hensel-logistik.de\/wp\/wp\/wp-json\/wp\/v2\/pages\/24\" method=\"post\"><div class=\"w-form-h\"><div class=\"w-form-row for_text required cols_2\">\r\n\t\t<div class=\"w-form-row-field\">\r\n\t\t\t\t\t\t<input aria-label=\"Unternehmen\" type=\"text\" name=\"us_form_1_text_1\" value placeholder=\"Unternehmen *\" data-required=\"true\" aria-required=\"true\"\/>\r\n\t\t\t<\/div>\r\n\t\t<div class=\"w-form-row-state\">Bitte f\u00fcllen Sie dieses Feld aus.<\/div>\r\n<\/div>\r\n<div class=\"w-form-row for_text required cols_2\">\r\n\t\t<div class=\"w-form-row-field\">\r\n\t\t\t\t\t\t<input aria-label=\"Name\" type=\"text\" name=\"us_form_1_text_2\" value placeholder=\"Name *\" data-required=\"true\" aria-required=\"true\"\/>\r\n\t\t\t<\/div>\r\n\t\t<div class=\"w-form-row-state\">Bitte f\u00fcllen Sie dieses Feld aus.<\/div>\r\n<\/div>\r\n<div class=\"w-form-row for_email required cols_2\">\r\n\t\t<div class=\"w-form-row-field\">\r\n\t\t\t\t\t\t<input aria-label=\"Email\" type=\"email\" name=\"us_form_1_email_1\" value placeholder=\"Email *\" data-required=\"true\" aria-required=\"true\"\/>\r\n\t\t\t<\/div>\r\n\t\t<div class=\"w-form-row-state\">Bitte gib eine g\u00fcltige E-Mail-Adresse ein.<\/div>\r\n<\/div>\r\n<div class=\"w-form-row for_text cols_2\">\r\n\t\t<div class=\"w-form-row-field\">\r\n\t\t\t\t\t\t<input aria-label=\"Telefonnummer\" inputmode=\"tel\" type=\"text\" name=\"us_form_1_text_3\" value placeholder=\"Telefonnummer\"\/>\r\n\t\t\t<\/div>\r\n\t\t<div class=\"w-form-row-state\">Bitte f\u00fcllen Sie dieses Feld aus.<\/div>\r\n<\/div>\r\n<div class=\"w-form-row for_textarea required\">\r\n\t\t<div class=\"w-form-row-field\">\r\n\t\t\t\t\t\t<textarea aria-label=\"Nachricht\" name=\"us_form_1_textarea_1\" placeholder=\"Nachricht *\" data-required=\"true\" aria-required=\"true\"><\/textarea>\r\n\t\t\t<\/div>\r\n\t\t<div class=\"w-form-row-state\">Bitte f\u00fcllen Sie dieses Feld aus.<\/div>\r\n<\/div>\r\n<input type=\"hidden\" name=\"action\" value=\"us_ajax_cform\" \/>\r\n<input type=\"hidden\" name=\"post_id\" value=\"0\" \/>\r\n<input type=\"hidden\" name=\"form_index\" value=\"1\" \/>\r\n<div class=\"w-form-row for_submit align_none\">\r\n\t<button class=\"w-btn  us-btn-style_1\" aria-label=\"SENDEN\" type=\"submit\">\r\n\t\t<span class=\"g-preloader type_1\"><\/span>\r\n\t\t\t\t<span class=\"w-btn-label\">SENDEN<\/span>\r\n\t\t\t<\/button>\r\n\t<\/div>\r\n<\/div><div class=\"w-form-message\"><\/div><div class=\"w-form-json hidden\" onclick='return {&quot;ajaxurl&quot;:&quot;https:\\\/\\\/hensel-logistik.de\\\/wp\\\/wp-admin\\\/admin-ajax.php&quot;,&quot;messages&quot;:{&quot;err_empty&quot;:&quot;Bitte f\\u00fcllen Sie dieses Feld aus.&quot;,&quot;err_size&quot;:&quot;Die Dateigr\\u00f6\\u00dfe darf %s MB nicht \\u00fcberschreiten&quot;,&quot;err_extension&quot;:&quot;Dateityp %s ist nicht zul\\u00e4ssig&quot;}}'><\/div><\/form><div class=\"wpb_text_column\"><div class=\"wpb_wrapper\"><p><strong>Hinweis:<\/strong> Wir verarbeiten Ihre Daten auf Basis von Art. 6 Abs.1 lit. f DSGVO. Unser berechtigtes Interesse im Sinne dieser Rechtsnorm ist die Kommunikation mit Ihnen zur Beantwortung Ihrer Anfrage. Weitere Informationen finden Sie in unserer <a href=\"https:\/\/hensel-logistik.de\/wp\/datenschutz\/\">Datenschutzerkl\u00e4rung<\/a><\/p>\n<\/div><\/div><\/div><\/div><\/div><\/div><\/div><\/div><\/div><\/div><\/div><\/section><section class=\"l-section wpb_row height_medium\"><div class=\"l-section-h i-cf\"><div class=\"g-cols vc_row via_flex valign_top type_default stacking_default\"><div class=\"vc_col-sm-12 wpb_column vc_column_container\"><div class=\"vc_column-inner\"><div class=\"wpb_wrapper\"><div class=\"w-separator size_huge\"><\/div><\/div><\/div><\/div><\/div><\/div><\/section>\n","protected":false},"excerpt":{"rendered":"Kontakt E-Mail info@hensel-logistik.deHensel Logistik GmbH Carl-von-Ossietzky-Stra\u00dfe 10 55459 Grolsheim RoutenplanerHensel Logistik GmbH Emmy-Noether-Stra\u00dfe 1 31157 Sarstedt RoutenplanerHensel Logistik GmbH Otto-Hahn-Stra\u00dfe 14 40721 Hilden Routenplaner* mit Verwendung des Routenplaners verlassen Sie unsere Website und stimmen zu, dass Google Maps Cookies auf Ihrem Computer speichert. Bitte f\u00fcllen Sie dieses Feld aus. Bitte f\u00fcllen Sie dieses Feld aus....","protected":false},"author":1,"featured_media":0,"parent":0,"menu_order":0,"comment_status":"closed","ping_status":"closed","template":"","meta":{"footnotes":""},"class_list":["post-24","page","type-page","status-publish","hentry"],"yoast_head":"<!-- This site is optimized with the Yoast SEO plugin v24.6 - https:\/\/yoast.com\/wordpress\/plugins\/seo\/ -->\n<title>Kontakt - Hensel Logistik<\/title>\n<meta name=\"description\" content=\"Kontaktieren Sie die Hensel Logistik GmbH f\u00fcr Ihre Anfragen. Finden Sie unsere Kontaktdaten und erreichen Sie uns schnell und unkompliziert.\" \/>\n<meta name=\"robots\" content=\"index, follow, max-snippet:-1, max-image-preview:large, max-video-preview:-1\" \/>\n<link rel=\"canonical\" href=\"https:\/\/hensel-logistik.de\/wp\/kontakt\/\" \/>\n<meta property=\"og:locale\" content=\"de_DE\" \/>\n<meta property=\"og:type\" content=\"article\" \/>\n<meta property=\"og:title\" content=\"Kontakt - Hensel Logistik\" \/>\n<meta property=\"og:description\" content=\"Kontaktieren Sie die Hensel Logistik GmbH f\u00fcr Ihre Anfragen. Finden Sie unsere Kontaktdaten und erreichen Sie uns schnell und unkompliziert.\" \/>\n<meta property=\"og:url\" content=\"https:\/\/hensel-logistik.de\/wp\/kontakt\/\" \/>\n<meta property=\"og:site_name\" content=\"Hensel Logistik\" \/>\n<meta property=\"article:modified_time\" content=\"2024-08-23T12:13:04+00:00\" \/>\n<meta property=\"og:image\" content=\"https:\/\/hensel-logistik.de\/wp\/wp-content\/uploads\/2024\/05\/hensel-logistik-logo.png\" \/>\n\t<meta property=\"og:image:width\" content=\"2000\" \/>\n\t<meta property=\"og:image:height\" content=\"650\" \/>\n\t<meta property=\"og:image:type\" content=\"image\/png\" \/>\n<meta name=\"twitter:card\" content=\"summary_large_image\" \/>\n<meta name=\"twitter:label1\" content=\"Gesch\u00e4tzte Lesezeit\" \/>\n\t<meta name=\"twitter:data1\" content=\"2\u00a0Minuten\" \/>\n<script type=\"application\/ld+json\" class=\"yoast-schema-graph\">{\"@context\":\"https:\/\/schema.org\",\"@graph\":[{\"@type\":\"WebPage\",\"@id\":\"https:\/\/hensel-logistik.de\/wp\/kontakt\/\",\"url\":\"https:\/\/hensel-logistik.de\/wp\/kontakt\/\",\"name\":\"Kontakt - Hensel Logistik\",\"isPartOf\":{\"@id\":\"https:\/\/hensel-logistik.de\/wp\/#website\"},\"datePublished\":\"2016-07-20T12:07:16+00:00\",\"dateModified\":\"2024-08-23T12:13:04+00:00\",\"description\":\"Kontaktieren Sie die Hensel Logistik GmbH f\u00fcr Ihre Anfragen. Finden Sie unsere Kontaktdaten und erreichen Sie uns schnell und unkompliziert.\",\"breadcrumb\":{\"@id\":\"https:\/\/hensel-logistik.de\/wp\/kontakt\/#breadcrumb\"},\"inLanguage\":\"de\",\"potentialAction\":[{\"@type\":\"ReadAction\",\"target\":[\"https:\/\/hensel-logistik.de\/wp\/kontakt\/\"]}]},{\"@type\":\"BreadcrumbList\",\"@id\":\"https:\/\/hensel-logistik.de\/wp\/kontakt\/#breadcrumb\",\"itemListElement\":[{\"@type\":\"ListItem\",\"position\":1,\"name\":\"Startseite\",\"item\":\"https:\/\/hensel-logistik.de\/wp\/\"},{\"@type\":\"ListItem\",\"position\":2,\"name\":\"Kontakt\"}]},{\"@type\":\"WebSite\",\"@id\":\"https:\/\/hensel-logistik.de\/wp\/#website\",\"url\":\"https:\/\/hensel-logistik.de\/wp\/\",\"name\":\"Hensel Logistik\",\"description\":\"International Logistic Services\",\"publisher\":{\"@id\":\"https:\/\/hensel-logistik.de\/wp\/#organization\"},\"potentialAction\":[{\"@type\":\"SearchAction\",\"target\":{\"@type\":\"EntryPoint\",\"urlTemplate\":\"https:\/\/hensel-logistik.de\/wp\/?s={search_term_string}\"},\"query-input\":{\"@type\":\"PropertyValueSpecification\",\"valueRequired\":true,\"valueName\":\"search_term_string\"}}],\"inLanguage\":\"de\"},{\"@type\":\"Organization\",\"@id\":\"https:\/\/hensel-logistik.de\/wp\/#organization\",\"name\":\"Hensel Logistik GmbH\",\"url\":\"https:\/\/hensel-logistik.de\/wp\/\",\"logo\":{\"@type\":\"ImageObject\",\"inLanguage\":\"de\",\"@id\":\"https:\/\/hensel-logistik.de\/wp\/#\/schema\/logo\/image\/\",\"url\":\"https:\/\/hensel-logistik.de\/wp\/wp-content\/uploads\/2016\/07\/HENSEL_Logo_148x42.png\",\"contentUrl\":\"https:\/\/hensel-logistik.de\/wp\/wp-content\/uploads\/2016\/07\/HENSEL_Logo_148x42.png\",\"width\":148,\"height\":42,\"caption\":\"Hensel Logistik GmbH\"},\"image\":{\"@id\":\"https:\/\/hensel-logistik.de\/wp\/#\/schema\/logo\/image\/\"}}]}<\/script>\n<!-- \/ Yoast SEO plugin. -->","yoast_head_json":{"title":"Kontakt - Hensel Logistik","description":"Kontaktieren Sie die Hensel Logistik GmbH f\u00fcr Ihre Anfragen. Finden Sie unsere Kontaktdaten und erreichen Sie uns schnell und unkompliziert.","robots":{"index":"index","follow":"follow","max-snippet":"max-snippet:-1","max-image-preview":"max-image-preview:large","max-video-preview":"max-video-preview:-1"},"canonical":"https:\/\/hensel-logistik.de\/wp\/kontakt\/","og_locale":"de_DE","og_type":"article","og_title":"Kontakt - Hensel Logistik","og_description":"Kontaktieren Sie die Hensel Logistik GmbH f\u00fcr Ihre Anfragen. Finden Sie unsere Kontaktdaten und erreichen Sie uns schnell und unkompliziert.","og_url":"https:\/\/hensel-logistik.de\/wp\/kontakt\/","og_site_name":"Hensel Logistik","article_modified_time":"2024-08-23T12:13:04+00:00","og_image":[{"width":2000,"height":650,"url":"https:\/\/hensel-logistik.de\/wp\/wp-content\/uploads\/2024\/05\/hensel-logistik-logo.png","type":"image\/png"}],"twitter_card":"summary_large_image","twitter_misc":{"Gesch\u00e4tzte Lesezeit":"2\u00a0Minuten"},"schema":{"@context":"https:\/\/schema.org","@graph":[{"@type":"WebPage","@id":"https:\/\/hensel-logistik.de\/wp\/kontakt\/","url":"https:\/\/hensel-logistik.de\/wp\/kontakt\/","name":"Kontakt - Hensel Logistik","isPartOf":{"@id":"https:\/\/hensel-logistik.de\/wp\/#website"},"datePublished":"2016-07-20T12:07:16+00:00","dateModified":"2024-08-23T12:13:04+00:00","description":"Kontaktieren Sie die Hensel Logistik GmbH f\u00fcr Ihre Anfragen. Finden Sie unsere Kontaktdaten und erreichen Sie uns schnell und unkompliziert.","breadcrumb":{"@id":"https:\/\/hensel-logistik.de\/wp\/kontakt\/#breadcrumb"},"inLanguage":"de","potentialAction":[{"@type":"ReadAction","target":["https:\/\/hensel-logistik.de\/wp\/kontakt\/"]}]},{"@type":"BreadcrumbList","@id":"https:\/\/hensel-logistik.de\/wp\/kontakt\/#breadcrumb","itemListElement":[{"@type":"ListItem","position":1,"name":"Startseite","item":"https:\/\/hensel-logistik.de\/wp\/"},{"@type":"ListItem","position":2,"name":"Kontakt"}]},{"@type":"WebSite","@id":"https:\/\/hensel-logistik.de\/wp\/#website","url":"https:\/\/hensel-logistik.de\/wp\/","name":"Hensel Logistik","description":"International Logistic Services","publisher":{"@id":"https:\/\/hensel-logistik.de\/wp\/#organization"},"potentialAction":[{"@type":"SearchAction","target":{"@type":"EntryPoint","urlTemplate":"https:\/\/hensel-logistik.de\/wp\/?s={search_term_string}"},"query-input":{"@type":"PropertyValueSpecification","valueRequired":true,"valueName":"search_term_string"}}],"inLanguage":"de"},{"@type":"Organization","@id":"https:\/\/hensel-logistik.de\/wp\/#organization","name":"Hensel Logistik GmbH","url":"https:\/\/hensel-logistik.de\/wp\/","logo":{"@type":"ImageObject","inLanguage":"de","@id":"https:\/\/hensel-logistik.de\/wp\/#\/schema\/logo\/image\/","url":"https:\/\/hensel-logistik.de\/wp\/wp-content\/uploads\/2016\/07\/HENSEL_Logo_148x42.png","contentUrl":"https:\/\/hensel-logistik.de\/wp\/wp-content\/uploads\/2016\/07\/HENSEL_Logo_148x42.png","width":148,"height":42,"caption":"Hensel Logistik GmbH"},"image":{"@id":"https:\/\/hensel-logistik.de\/wp\/#\/schema\/logo\/image\/"}}]}},"_links":{"self":[{"href":"https:\/\/hensel-logistik.de\/wp\/wp-json\/wp\/v2\/pages\/24","targetHints":{"allow":["GET"]}}],"collection":[{"href":"https:\/\/hensel-logistik.de\/wp\/wp-json\/wp\/v2\/pages"}],"about":[{"href":"https:\/\/hensel-logistik.de\/wp\/wp-json\/wp\/v2\/types\/page"}],"author":[{"embeddable":true,"href":"https:\/\/hensel-logistik.de\/wp\/wp-json\/wp\/v2\/users\/1"}],"replies":[{"embeddable":true,"href":"https:\/\/hensel-logistik.de\/wp\/wp-json\/wp\/v2\/comments?post=24"}],"version-history":[{"count":69,"href":"https:\/\/hensel-logistik.de\/wp\/wp-json\/wp\/v2\/pages\/24\/revisions"}],"predecessor-version":[{"id":4354,"href":"https:\/\/hensel-logistik.de\/wp\/wp-json\/wp\/v2\/pages\/24\/revisions\/4354"}],"wp:attachment":[{"href":"https:\/\/hensel-logistik.de\/wp\/wp-json\/wp\/v2\/media?parent=24"}],"curies":[{"name":"wp","href":"https:\/\/api.w.org\/{rel}","templated":true}]}}