{"id":2713,"date":"2016-07-28T14:46:43","date_gmt":"2016-07-28T12:46:43","guid":{"rendered":"http:\/\/hensel-logistik.de\/wp\/?page_id=2713"},"modified":"2024-08-20T20:44:00","modified_gmt":"2024-08-20T18:44:00","slug":"impressum","status":"publish","type":"page","link":"https:\/\/hensel-logistik.de\/wp\/impressum\/","title":{"rendered":"Impressum"},"content":{"rendered":"<section class=\"l-section wpb_row us_custom_93e037ba height_medium\"><div class=\"l-section-h i-cf\"><div class=\"g-cols vc_row via_flex valign_top type_default stacking_default\"><div class=\"vc_col-sm-12 wpb_column vc_column_container\"><div class=\"vc_column-inner\"><div class=\"wpb_wrapper\"><div class=\"wpb_text_column\"><div class=\"wpb_wrapper\"><h1>Impressum<\/h1>\n<p>Hensel Logistik GmbH<br \/>\nCarl-von-Ossietzky-Str. 10<br \/>\nD-55459 Grolsheim<br \/>\nFon. 0 6721.1596-0<br \/>\nFax. 0 6721.1596-250<\/p>\n<p><strong>E-Mail:<\/strong> info@hensel-logistik.de<\/p>\n<p><strong>Website:<\/strong> www.hensel-logistik.de<\/p>\n<p><strong>Gesch\u00e4ftsf\u00fchrer:<\/strong> Daniel Hensel, Prokuristen: Monika Sch\u00f6ffel, Markus Brandm\u00fcller<\/p>\n<p><strong>Vertretungsberechtigter:<\/strong> Daniel Hensel<\/p>\n<p><strong>Aufsichtsbeh\u00f6rde:<\/strong> Bundesamt f\u00fcr G\u00fcterverkehr, Werderstr. 34, 50672 K\u00f6ln<br \/>\n<strong>Erlaubnisbeh\u00f6rde:<\/strong> Landesbetrieb Mobilit\u00e4t Rheinland Pfalz, Friedrich-Ebert-Str. 14-20, 56068 Koblenz<br \/>\n<strong>Registergericht:<\/strong> Amtsgericht Mainz<br \/>\n<strong>Registernummer:<\/strong> HRB 46916<br \/>\n<strong>Umsatzsteuer-Identifikationsnummer: <\/strong>DE 307583550<br \/>\n<strong>Steuernummer:<\/strong> 06\/660\/20111, <strong>Finanzamt:<\/strong> Bad Kreuznach<\/p>\n<p>Pressebericht: Vertreter Pressebereich: Daniel Hensel<\/p>\n<p>&nbsp;<\/p>\n<p><strong>Projektleiter Website: <\/strong>Markus Brandm\u00fcller<\/p>\n<p><strong>Design Website:<\/strong><br \/>\nDozo-Design<br \/>\n<a href=\"mailto:hallo@dozo-design.de\">hallo@dozo-design.de<\/a><\/p>\n<p><strong>Technischer Kontakt Website:<\/strong><br \/>\nindis Kommunikationssysteme GmbH<br \/>\nRobert-Koch-Stra\u00dfe 50<br \/>\n55129 Mainz<br \/>\nFon.06131.9067-0<br \/>\nFax.06131-9067-219<br \/>\nE-Mail: info@indis.de<br \/>\nInternet: <a href=\"http:\/\/indis.de\">www.indis.de<\/a><\/p>\n<p><strong>Bildrechte:<\/strong><\/p>\n<p><em>Unternehmen:<\/em><br \/>\n_ Credo: \u00a9 UBER IMAGES, fotolia.com<br \/>\n_ Zahlen und Fakten: \u00a9 alotofpeople, fotolia.com<br \/>\n_ Green Logistics: \u00a9 am, fotolia.com<\/p>\n<p><em>Leistungen:<\/em><br \/>\n_ Video: \u00a9 jbart1, fotolia.com<br \/>\n_ unsere Leistungen: \u00a9 industrieblick, fotolia.com<\/p>\n<p>_ Kontraktlogistik: \u00a9 petinovs, fotolia.com<br \/>\n_ Internationale Verkehre: \u00a9 denisismagilov, fotolia.com<br \/>\n_ Highspeed Cargo: \u00a9 monticelllo, fotolia.com<br \/>\n_ Ladungsverkehr: \u00a9 yo camon, fotolia.com<br \/>\n_ Beschaffungslogistik: \u00a9 ake1150, fotolia.com<\/p>\n<p><strong>Urheberrecht:<\/strong><br \/>\nDiese Webseiten und deren Inhalte unterliegen dem deutschen Leistungsschutz- und Urheberrecht. Unerlaubte Vervielf\u00e4ltigungen au\u00dferhalb der Grenzen des UrhG sind ohne die schriftliche Zustimmung des Betreibers verboten. Alle Rechte an diesen Seiten liegen bei den Autoren und der Hensel Logistik GmbH<\/p>\n<p><strong>Haftung f\u00fcr externe Links:<\/strong><br \/>\nHaftungshinweis: Trotz sorgf\u00e4ltiger inhaltlicher Kontrolle \u00fcbernehmen wir keine Haftung f\u00fcr die Inhalte externer Links. F\u00fcr den Inhalt der verlinkten Seiten sind ausschlie\u00dflich deren Betreiber verantwortlich.<\/p>\n<\/div><\/div><\/div><\/div><\/div><\/div><\/div><\/section>\n","protected":false},"excerpt":{"rendered":"Impressum Hensel Logistik GmbH Carl-von-Ossietzky-Str. 10 D-55459 Grolsheim Fon. 0 6721.1596-0 Fax. 0 6721.1596-250 E-Mail: info@hensel-logistik.de Website: www.hensel-logistik.de Gesch\u00e4ftsf\u00fchrer: Daniel Hensel, Prokuristen: Monika Sch\u00f6ffel, Markus Brandm\u00fcller Vertretungsberechtigter: Daniel Hensel Aufsichtsbeh\u00f6rde: Bundesamt f\u00fcr G\u00fcterverkehr, Werderstr. 34, 50672 K\u00f6ln Erlaubnisbeh\u00f6rde: Landesbetrieb Mobilit\u00e4t Rheinland Pfalz, Friedrich-Ebert-Str. 14-20, 56068 Koblenz Registergericht: Amtsgericht Mainz Registernummer: HRB 46916 Umsatzsteuer-Identifikationsnummer: DE 307583550...","protected":false},"author":1,"featured_media":0,"parent":0,"menu_order":0,"comment_status":"closed","ping_status":"closed","template":"","meta":{"footnotes":""},"class_list":["post-2713","page","type-page","status-publish","hentry"],"yoast_head":"<!-- This site is optimized with the Yoast SEO plugin v24.6 - https:\/\/yoast.com\/wordpress\/plugins\/seo\/ -->\n<title>Impressum - Hensel Logistik<\/title>\n<meta name=\"robots\" content=\"index, follow, max-snippet:-1, max-image-preview:large, max-video-preview:-1\" \/>\n<link rel=\"canonical\" href=\"https:\/\/hensel-logistik.de\/wp\/impressum\/\" \/>\n<meta property=\"og:locale\" content=\"de_DE\" \/>\n<meta property=\"og:type\" content=\"article\" \/>\n<meta property=\"og:title\" content=\"Impressum - Hensel Logistik\" \/>\n<meta property=\"og:url\" content=\"https:\/\/hensel-logistik.de\/wp\/impressum\/\" \/>\n<meta property=\"og:site_name\" content=\"Hensel Logistik\" \/>\n<meta property=\"article:modified_time\" content=\"2024-08-20T18:44:00+00:00\" \/>\n<meta property=\"og:image\" content=\"https:\/\/hensel-logistik.de\/wp\/wp-content\/uploads\/2024\/05\/hensel-logistik-logo.png\" \/>\n\t<meta property=\"og:image:width\" content=\"2000\" \/>\n\t<meta property=\"og:image:height\" content=\"650\" \/>\n\t<meta property=\"og:image:type\" content=\"image\/png\" \/>\n<meta name=\"twitter:card\" content=\"summary_large_image\" \/>\n<meta name=\"twitter:label1\" content=\"Gesch\u00e4tzte Lesezeit\" \/>\n\t<meta name=\"twitter:data1\" content=\"2\u00a0Minuten\" \/>\n<script type=\"application\/ld+json\" class=\"yoast-schema-graph\">{\"@context\":\"https:\/\/schema.org\",\"@graph\":[{\"@type\":\"WebPage\",\"@id\":\"https:\/\/hensel-logistik.de\/wp\/impressum\/\",\"url\":\"https:\/\/hensel-logistik.de\/wp\/impressum\/\",\"name\":\"Impressum - Hensel Logistik\",\"isPartOf\":{\"@id\":\"https:\/\/hensel-logistik.de\/wp\/#website\"},\"datePublished\":\"2016-07-28T12:46:43+00:00\",\"dateModified\":\"2024-08-20T18:44:00+00:00\",\"breadcrumb\":{\"@id\":\"https:\/\/hensel-logistik.de\/wp\/impressum\/#breadcrumb\"},\"inLanguage\":\"de\",\"potentialAction\":[{\"@type\":\"ReadAction\",\"target\":[\"https:\/\/hensel-logistik.de\/wp\/impressum\/\"]}]},{\"@type\":\"BreadcrumbList\",\"@id\":\"https:\/\/hensel-logistik.de\/wp\/impressum\/#breadcrumb\",\"itemListElement\":[{\"@type\":\"ListItem\",\"position\":1,\"name\":\"Startseite\",\"item\":\"https:\/\/hensel-logistik.de\/wp\/\"},{\"@type\":\"ListItem\",\"position\":2,\"name\":\"Impressum\"}]},{\"@type\":\"WebSite\",\"@id\":\"https:\/\/hensel-logistik.de\/wp\/#website\",\"url\":\"https:\/\/hensel-logistik.de\/wp\/\",\"name\":\"Hensel Logistik\",\"description\":\"International Logistic Services\",\"publisher\":{\"@id\":\"https:\/\/hensel-logistik.de\/wp\/#organization\"},\"potentialAction\":[{\"@type\":\"SearchAction\",\"target\":{\"@type\":\"EntryPoint\",\"urlTemplate\":\"https:\/\/hensel-logistik.de\/wp\/?s={search_term_string}\"},\"query-input\":{\"@type\":\"PropertyValueSpecification\",\"valueRequired\":true,\"valueName\":\"search_term_string\"}}],\"inLanguage\":\"de\"},{\"@type\":\"Organization\",\"@id\":\"https:\/\/hensel-logistik.de\/wp\/#organization\",\"name\":\"Hensel Logistik GmbH\",\"url\":\"https:\/\/hensel-logistik.de\/wp\/\",\"logo\":{\"@type\":\"ImageObject\",\"inLanguage\":\"de\",\"@id\":\"https:\/\/hensel-logistik.de\/wp\/#\/schema\/logo\/image\/\",\"url\":\"https:\/\/hensel-logistik.de\/wp\/wp-content\/uploads\/2016\/07\/HENSEL_Logo_148x42.png\",\"contentUrl\":\"https:\/\/hensel-logistik.de\/wp\/wp-content\/uploads\/2016\/07\/HENSEL_Logo_148x42.png\",\"width\":148,\"height\":42,\"caption\":\"Hensel Logistik GmbH\"},\"image\":{\"@id\":\"https:\/\/hensel-logistik.de\/wp\/#\/schema\/logo\/image\/\"}}]}<\/script>\n<!-- \/ Yoast SEO plugin. -->","yoast_head_json":{"title":"Impressum - Hensel Logistik","robots":{"index":"index","follow":"follow","max-snippet":"max-snippet:-1","max-image-preview":"max-image-preview:large","max-video-preview":"max-video-preview:-1"},"canonical":"https:\/\/hensel-logistik.de\/wp\/impressum\/","og_locale":"de_DE","og_type":"article","og_title":"Impressum - Hensel Logistik","og_url":"https:\/\/hensel-logistik.de\/wp\/impressum\/","og_site_name":"Hensel Logistik","article_modified_time":"2024-08-20T18:44:00+00:00","og_image":[{"width":2000,"height":650,"url":"https:\/\/hensel-logistik.de\/wp\/wp-content\/uploads\/2024\/05\/hensel-logistik-logo.png","type":"image\/png"}],"twitter_card":"summary_large_image","twitter_misc":{"Gesch\u00e4tzte Lesezeit":"2\u00a0Minuten"},"schema":{"@context":"https:\/\/schema.org","@graph":[{"@type":"WebPage","@id":"https:\/\/hensel-logistik.de\/wp\/impressum\/","url":"https:\/\/hensel-logistik.de\/wp\/impressum\/","name":"Impressum - Hensel Logistik","isPartOf":{"@id":"https:\/\/hensel-logistik.de\/wp\/#website"},"datePublished":"2016-07-28T12:46:43+00:00","dateModified":"2024-08-20T18:44:00+00:00","breadcrumb":{"@id":"https:\/\/hensel-logistik.de\/wp\/impressum\/#breadcrumb"},"inLanguage":"de","potentialAction":[{"@type":"ReadAction","target":["https:\/\/hensel-logistik.de\/wp\/impressum\/"]}]},{"@type":"BreadcrumbList","@id":"https:\/\/hensel-logistik.de\/wp\/impressum\/#breadcrumb","itemListElement":[{"@type":"ListItem","position":1,"name":"Startseite","item":"https:\/\/hensel-logistik.de\/wp\/"},{"@type":"ListItem","position":2,"name":"Impressum"}]},{"@type":"WebSite","@id":"https:\/\/hensel-logistik.de\/wp\/#website","url":"https:\/\/hensel-logistik.de\/wp\/","name":"Hensel Logistik","description":"International Logistic Services","publisher":{"@id":"https:\/\/hensel-logistik.de\/wp\/#organization"},"potentialAction":[{"@type":"SearchAction","target":{"@type":"EntryPoint","urlTemplate":"https:\/\/hensel-logistik.de\/wp\/?s={search_term_string}"},"query-input":{"@type":"PropertyValueSpecification","valueRequired":true,"valueName":"search_term_string"}}],"inLanguage":"de"},{"@type":"Organization","@id":"https:\/\/hensel-logistik.de\/wp\/#organization","name":"Hensel Logistik GmbH","url":"https:\/\/hensel-logistik.de\/wp\/","logo":{"@type":"ImageObject","inLanguage":"de","@id":"https:\/\/hensel-logistik.de\/wp\/#\/schema\/logo\/image\/","url":"https:\/\/hensel-logistik.de\/wp\/wp-content\/uploads\/2016\/07\/HENSEL_Logo_148x42.png","contentUrl":"https:\/\/hensel-logistik.de\/wp\/wp-content\/uploads\/2016\/07\/HENSEL_Logo_148x42.png","width":148,"height":42,"caption":"Hensel Logistik GmbH"},"image":{"@id":"https:\/\/hensel-logistik.de\/wp\/#\/schema\/logo\/image\/"}}]}},"_links":{"self":[{"href":"https:\/\/hensel-logistik.de\/wp\/wp-json\/wp\/v2\/pages\/2713","targetHints":{"allow":["GET"]}}],"collection":[{"href":"https:\/\/hensel-logistik.de\/wp\/wp-json\/wp\/v2\/pages"}],"about":[{"href":"https:\/\/hensel-logistik.de\/wp\/wp-json\/wp\/v2\/types\/page"}],"author":[{"embeddable":true,"href":"https:\/\/hensel-logistik.de\/wp\/wp-json\/wp\/v2\/users\/1"}],"replies":[{"embeddable":true,"href":"https:\/\/hensel-logistik.de\/wp\/wp-json\/wp\/v2\/comments?post=2713"}],"version-history":[{"count":68,"href":"https:\/\/hensel-logistik.de\/wp\/wp-json\/wp\/v2\/pages\/2713\/revisions"}],"predecessor-version":[{"id":4338,"href":"https:\/\/hensel-logistik.de\/wp\/wp-json\/wp\/v2\/pages\/2713\/revisions\/4338"}],"wp:attachment":[{"href":"https:\/\/hensel-logistik.de\/wp\/wp-json\/wp\/v2\/media?parent=2713"}],"curies":[{"name":"wp","href":"https:\/\/api.w.org\/{rel}","templated":true}]}}